{"id":3378,"date":"2023-12-31T19:46:19","date_gmt":"2023-12-31T18:46:19","guid":{"rendered":"https:\/\/regunlagotto.net\/?page_id=3378"},"modified":"2024-10-03T17:59:29","modified_gmt":"2024-10-03T15:59:29","slug":"adulti-cuccioli-disponibili","status":"publish","type":"page","link":"https:\/\/regunlagotto.net\/?page_id=3378","title":{"rendered":"Adulti \/ cuccioli disponibili"},"content":{"rendered":"<p><a class=\"maxbutton-53 maxbutton maxbutton-cani-adulti-disponibili\" target=\"_blank\" rel=\"noopener\" href=\"https:\/\/regunlagotto.net\/?page_id=3380\"><span class='mb-text'>&gt;&gt; Cani adulti disponibili<\/span><\/a><br \/>\n<a class=\"maxbutton-54 maxbutton maxbutton-cuccioli-disponibili\" target=\"_blank\" rel=\"noopener\" href=\"https:\/\/regunlagotto.net\/?page_id=3382\"><span class='mb-text'>&gt;&gt; Cuccioli disponibili<\/span><\/a><\/p>\n<h4 style=\"text-align: center;\"><a href=\"https:\/\/italianionline.it\/richiesta-cucciolo\">&gt;&gt; QUESTIONARIO &lt;&lt;<\/a><\/h4>\n<p style=\"text-align: center;\"><span style=\"color: #ff0000;\">(da compilare)<\/span><\/p>\n<p><strong>Cari visitatori!<\/strong><\/p>\n<p>Vorrei trovare il posto pi\u00f9 bello possibile per i cuccioli, dove siano amati, accuditi, tenuti secondo le loro esigenze, ecc., in una parola un \u201cpadrone perfetto\u201d .<\/p>\n<p>Ho un questionario e vorrei chiedere a tutti chi sono interessati ad acquistare un cucciolo da me di compilarlo. Mi aiuta a considerare le vostre esigenze nella scelta di un cucciolo, cos\u00ec posso dare consigli per scegliere il cucciolo pi\u00f9 adatto per le vostre esigenze, con carattere e propriet\u00e0 corrispondenti, risparmiando una delusione sia per il proprietario che per il cane.<\/p>\n<p>Grazie per la vostra comprensione, se avete domande scrivetele nell\u2019ultimo campo, vi risponder\u00f2 sicuramente.<\/p>\n","protected":false},"excerpt":{"rendered":"<p>&gt;&gt; QUESTIONARIO &lt;&lt; (da compilare) Cari visitatori! Vorrei trovare il posto pi\u00f9 bello possibile per i cuccioli, dove siano amati, accuditi, tenuti secondo le loro esigenze, ecc., in una parola un \u201cpadrone perfetto\u201d . Ho un questionario e vorrei chiedere <span class=\"excerpt-dots\">&hellip;<\/span> <a class=\"more-link\" href=\"https:\/\/regunlagotto.net\/?page_id=3378\"><span class=\"more-msg\">Continua a leggere &rarr;<\/span><\/a><\/p>\n","protected":false},"author":1,"featured_media":0,"parent":0,"menu_order":6,"comment_status":"closed","ping_status":"closed","template":"","meta":{"ngg_post_thumbnail":0,"footnotes":""},"class_list":["post-3378","page","type-page","status-publish","hentry"],"yoast_head":"<!-- This site is optimized with the Yoast SEO plugin v27.5 - https:\/\/yoast.com\/product\/yoast-seo-wordpress\/ -->\n<title>Adulti \/ cuccioli disponibili - REGUN - Lagotto romagnolo<\/title>\n<meta name=\"robots\" content=\"index, follow, max-snippet:-1, max-image-preview:large, max-video-preview:-1\" \/>\n<link rel=\"canonical\" href=\"https:\/\/regunlagotto.net\/?page_id=3378\" \/>\n<meta property=\"og:locale\" content=\"it_IT\" \/>\n<meta property=\"og:type\" content=\"article\" \/>\n<meta property=\"og:title\" content=\"Adulti \/ cuccioli disponibili - REGUN - Lagotto romagnolo\" \/>\n<meta property=\"og:description\" content=\"&gt;&gt; QUESTIONARIO &lt;&lt; (da compilare) Cari visitatori! Vorrei trovare il posto pi\u00f9 bello possibile per i cuccioli, dove siano amati, accuditi, tenuti secondo le loro esigenze, ecc., in una parola un \u201cpadrone perfetto\u201d . Ho un questionario e vorrei chiedere &hellip; Continua a leggere &rarr;\" \/>\n<meta property=\"og:url\" content=\"https:\/\/regunlagotto.net\/?page_id=3378\" \/>\n<meta property=\"og:site_name\" content=\"REGUN - Lagotto romagnolo\" \/>\n<meta property=\"article:publisher\" content=\"https:\/\/www.facebook.com\/regun.lagotto\/\" \/>\n<meta property=\"article:modified_time\" content=\"2024-10-03T15:59:29+00:00\" \/>\n<meta name=\"twitter:card\" content=\"summary_large_image\" \/>\n<meta name=\"twitter:site\" content=\"@LauraTanos1\" \/>\n<meta name=\"twitter:label1\" content=\"Tempo di lettura stimato\" \/>\n\t<meta name=\"twitter:data1\" content=\"1 minuto\" \/>\n<script type=\"application\/ld+json\" class=\"yoast-schema-graph\">{\"@context\":\"https:\\\/\\\/schema.org\",\"@graph\":[{\"@type\":\"WebPage\",\"@id\":\"https:\\\/\\\/regunlagotto.net\\\/?page_id=3378\",\"url\":\"https:\\\/\\\/regunlagotto.net\\\/?page_id=3378\",\"name\":\"Adulti \\\/ cuccioli disponibili - REGUN - Lagotto romagnolo\",\"isPartOf\":{\"@id\":\"https:\\\/\\\/regunlagotto.net\\\/#website\"},\"datePublished\":\"2023-12-31T18:46:19+00:00\",\"dateModified\":\"2024-10-03T15:59:29+00:00\",\"breadcrumb\":{\"@id\":\"https:\\\/\\\/regunlagotto.net\\\/?page_id=3378#breadcrumb\"},\"inLanguage\":\"it-IT\",\"potentialAction\":[{\"@type\":\"ReadAction\",\"target\":[\"https:\\\/\\\/regunlagotto.net\\\/?page_id=3378\"]}]},{\"@type\":\"BreadcrumbList\",\"@id\":\"https:\\\/\\\/regunlagotto.net\\\/?page_id=3378#breadcrumb\",\"itemListElement\":[{\"@type\":\"ListItem\",\"position\":1,\"name\":\"Home\",\"item\":\"https:\\\/\\\/regunlagotto.net\\\/\"},{\"@type\":\"ListItem\",\"position\":2,\"name\":\"Adulti \\\/ cuccioli disponibili\"}]},{\"@type\":\"WebSite\",\"@id\":\"https:\\\/\\\/regunlagotto.net\\\/#website\",\"url\":\"https:\\\/\\\/regunlagotto.net\\\/\",\"name\":\"REGUN - Lagotto romagnolo\",\"description\":\"\",\"publisher\":{\"@id\":\"https:\\\/\\\/regunlagotto.net\\\/#organization\"},\"potentialAction\":[{\"@type\":\"SearchAction\",\"target\":{\"@type\":\"EntryPoint\",\"urlTemplate\":\"https:\\\/\\\/regunlagotto.net\\\/?s={search_term_string}\"},\"query-input\":{\"@type\":\"PropertyValueSpecification\",\"valueRequired\":true,\"valueName\":\"search_term_string\"}}],\"inLanguage\":\"it-IT\"},{\"@type\":\"Organization\",\"@id\":\"https:\\\/\\\/regunlagotto.net\\\/#organization\",\"name\":\"REGUN - Lagotto romagnolo\",\"url\":\"https:\\\/\\\/regunlagotto.net\\\/\",\"logo\":{\"@type\":\"ImageObject\",\"inLanguage\":\"it-IT\",\"@id\":\"https:\\\/\\\/regunlagotto.net\\\/#\\\/schema\\\/logo\\\/image\\\/\",\"url\":\"https:\\\/\\\/regunlagotto.net\\\/wp-content\\\/uploads\\\/2024\\\/01\\\/logo-regun-uj.jpg\",\"contentUrl\":\"https:\\\/\\\/regunlagotto.net\\\/wp-content\\\/uploads\\\/2024\\\/01\\\/logo-regun-uj.jpg\",\"width\":1663,\"height\":400,\"caption\":\"REGUN - Lagotto romagnolo\"},\"image\":{\"@id\":\"https:\\\/\\\/regunlagotto.net\\\/#\\\/schema\\\/logo\\\/image\\\/\"},\"sameAs\":[\"https:\\\/\\\/www.facebook.com\\\/regun.lagotto\\\/\",\"https:\\\/\\\/x.com\\\/LauraTanos1\",\"https:\\\/\\\/www.instagram.com\\\/lagotto_regun_kennel\\\/\",\"https:\\\/\\\/www.linkedin.com\\\/in\\\/laura-tanos-957231179\\\/\"]}]}<\/script>\n<!-- \/ Yoast SEO plugin. -->","yoast_head_json":{"title":"Adulti \/ cuccioli disponibili - REGUN - Lagotto romagnolo","robots":{"index":"index","follow":"follow","max-snippet":"max-snippet:-1","max-image-preview":"max-image-preview:large","max-video-preview":"max-video-preview:-1"},"canonical":"https:\/\/regunlagotto.net\/?page_id=3378","og_locale":"it_IT","og_type":"article","og_title":"Adulti \/ cuccioli disponibili - REGUN - Lagotto romagnolo","og_description":"&gt;&gt; QUESTIONARIO &lt;&lt; (da compilare) Cari visitatori! Vorrei trovare il posto pi\u00f9 bello possibile per i cuccioli, dove siano amati, accuditi, tenuti secondo le loro esigenze, ecc., in una parola un \u201cpadrone perfetto\u201d . Ho un questionario e vorrei chiedere &hellip; Continua a leggere &rarr;","og_url":"https:\/\/regunlagotto.net\/?page_id=3378","og_site_name":"REGUN - Lagotto romagnolo","article_publisher":"https:\/\/www.facebook.com\/regun.lagotto\/","article_modified_time":"2024-10-03T15:59:29+00:00","twitter_card":"summary_large_image","twitter_site":"@LauraTanos1","twitter_misc":{"Tempo di lettura stimato":"1 minuto"},"schema":{"@context":"https:\/\/schema.org","@graph":[{"@type":"WebPage","@id":"https:\/\/regunlagotto.net\/?page_id=3378","url":"https:\/\/regunlagotto.net\/?page_id=3378","name":"Adulti \/ cuccioli disponibili - REGUN - Lagotto romagnolo","isPartOf":{"@id":"https:\/\/regunlagotto.net\/#website"},"datePublished":"2023-12-31T18:46:19+00:00","dateModified":"2024-10-03T15:59:29+00:00","breadcrumb":{"@id":"https:\/\/regunlagotto.net\/?page_id=3378#breadcrumb"},"inLanguage":"it-IT","potentialAction":[{"@type":"ReadAction","target":["https:\/\/regunlagotto.net\/?page_id=3378"]}]},{"@type":"BreadcrumbList","@id":"https:\/\/regunlagotto.net\/?page_id=3378#breadcrumb","itemListElement":[{"@type":"ListItem","position":1,"name":"Home","item":"https:\/\/regunlagotto.net\/"},{"@type":"ListItem","position":2,"name":"Adulti \/ cuccioli disponibili"}]},{"@type":"WebSite","@id":"https:\/\/regunlagotto.net\/#website","url":"https:\/\/regunlagotto.net\/","name":"REGUN - Lagotto romagnolo","description":"","publisher":{"@id":"https:\/\/regunlagotto.net\/#organization"},"potentialAction":[{"@type":"SearchAction","target":{"@type":"EntryPoint","urlTemplate":"https:\/\/regunlagotto.net\/?s={search_term_string}"},"query-input":{"@type":"PropertyValueSpecification","valueRequired":true,"valueName":"search_term_string"}}],"inLanguage":"it-IT"},{"@type":"Organization","@id":"https:\/\/regunlagotto.net\/#organization","name":"REGUN - Lagotto romagnolo","url":"https:\/\/regunlagotto.net\/","logo":{"@type":"ImageObject","inLanguage":"it-IT","@id":"https:\/\/regunlagotto.net\/#\/schema\/logo\/image\/","url":"https:\/\/regunlagotto.net\/wp-content\/uploads\/2024\/01\/logo-regun-uj.jpg","contentUrl":"https:\/\/regunlagotto.net\/wp-content\/uploads\/2024\/01\/logo-regun-uj.jpg","width":1663,"height":400,"caption":"REGUN - Lagotto romagnolo"},"image":{"@id":"https:\/\/regunlagotto.net\/#\/schema\/logo\/image\/"},"sameAs":["https:\/\/www.facebook.com\/regun.lagotto\/","https:\/\/x.com\/LauraTanos1","https:\/\/www.instagram.com\/lagotto_regun_kennel\/","https:\/\/www.linkedin.com\/in\/laura-tanos-957231179\/"]}]}},"_links":{"self":[{"href":"https:\/\/regunlagotto.net\/index.php?rest_route=\/wp\/v2\/pages\/3378","targetHints":{"allow":["GET"]}}],"collection":[{"href":"https:\/\/regunlagotto.net\/index.php?rest_route=\/wp\/v2\/pages"}],"about":[{"href":"https:\/\/regunlagotto.net\/index.php?rest_route=\/wp\/v2\/types\/page"}],"author":[{"embeddable":true,"href":"https:\/\/regunlagotto.net\/index.php?rest_route=\/wp\/v2\/users\/1"}],"replies":[{"embeddable":true,"href":"https:\/\/regunlagotto.net\/index.php?rest_route=%2Fwp%2Fv2%2Fcomments&post=3378"}],"version-history":[{"count":15,"href":"https:\/\/regunlagotto.net\/index.php?rest_route=\/wp\/v2\/pages\/3378\/revisions"}],"predecessor-version":[{"id":5265,"href":"https:\/\/regunlagotto.net\/index.php?rest_route=\/wp\/v2\/pages\/3378\/revisions\/5265"}],"wp:attachment":[{"href":"https:\/\/regunlagotto.net\/index.php?rest_route=%2Fwp%2Fv2%2Fmedia&parent=3378"}],"curies":[{"name":"wp","href":"https:\/\/api.w.org\/{rel}","templated":true}]}}